{"id":34,"date":"2018-01-10T19:49:30","date_gmt":"2018-01-10T19:49:30","guid":{"rendered":"https:\/\/ginsburgstube.de\/?page_id=34"},"modified":"2020-10-05T04:42:17","modified_gmt":"2020-10-05T04:42:17","slug":"startseite","status":"publish","type":"page","link":"https:\/\/ginsburgstube.de\/","title":{"rendered":"Aktuelles"},"content":{"rendered":"<p>Liebe G\u00e4ste,<\/p>\n<p>Wir bedanken uns f\u00fcr Eure Treue in den letzten sieben Jahren!!! <\/p>\n<p>Es hat uns Spa\u00df gemacht, Euch zu bedienen oder Euer Gastgeber auf Feiern zu sein.<\/p>\n<p>Jedoch haben wir uns f\u00fcr einen anderen Weg entschieden und werden die Ginsburgstube nicht mehr weiter betreiben.\u00a0 Der 04.10. war unser letzter Tag in der Ginsburgstube.<\/p>\n<p>Nochmals vielen lieben Dank f\u00fcr die Treue.<\/p>\n<p>Seid lieb gegr\u00fc\u00dft<\/p>\n<p>Eure Claudia und Euer J\u00f6rg B\u00fclow<\/p>\n\n\n<p class=\"has-drop-cap\"><\/p>\n","protected":false},"excerpt":{"rendered":"<p>Liebe G\u00e4ste, Wir bedanken uns f\u00fcr Eure Treue in den letzten sieben Jahren!!! Es hat uns Spa\u00df gemacht, Euch zu bedienen oder Euer Gastgeber auf Feiern zu sein. Jedoch haben wir uns f\u00fcr einen anderen Weg entschieden und werden die Ginsburgstube nicht mehr weiter betreiben.\u00a0 Der 04.10. war unser letzter Tag in der Ginsburgstube. Nochmals &hellip; <\/p>\n<p class=\"link-more\"><a href=\"https:\/\/ginsburgstube.de\/\" class=\"more-link\"><span class=\"screen-reader-text\">\u201eAktuelles\u201c<\/span> weiterlesen<\/a><\/p>\n","protected":false},"author":1,"featured_media":0,"parent":0,"menu_order":0,"comment_status":"closed","ping_status":"closed","template":"","meta":{"footnotes":""},"class_list":["post-34","page","type-page","status-publish","hentry"],"_links":{"self":[{"href":"https:\/\/ginsburgstube.de\/index.php?rest_route=\/wp\/v2\/pages\/34","targetHints":{"allow":["GET"]}}],"collection":[{"href":"https:\/\/ginsburgstube.de\/index.php?rest_route=\/wp\/v2\/pages"}],"about":[{"href":"https:\/\/ginsburgstube.de\/index.php?rest_route=\/wp\/v2\/types\/page"}],"author":[{"embeddable":true,"href":"https:\/\/ginsburgstube.de\/index.php?rest_route=\/wp\/v2\/users\/1"}],"replies":[{"embeddable":true,"href":"https:\/\/ginsburgstube.de\/index.php?rest_route=%2Fwp%2Fv2%2Fcomments&post=34"}],"version-history":[{"count":61,"href":"https:\/\/ginsburgstube.de\/index.php?rest_route=\/wp\/v2\/pages\/34\/revisions"}],"predecessor-version":[{"id":292,"href":"https:\/\/ginsburgstube.de\/index.php?rest_route=\/wp\/v2\/pages\/34\/revisions\/292"}],"wp:attachment":[{"href":"https:\/\/ginsburgstube.de\/index.php?rest_route=%2Fwp%2Fv2%2Fmedia&parent=34"}],"curies":[{"name":"wp","href":"https:\/\/api.w.org\/{rel}","templated":true}]}}